{"id":3662,"date":"2021-01-14T21:21:05","date_gmt":"2021-01-14T21:21:05","guid":{"rendered":"http:\/\/gigiamaretto.com\/produits\/"},"modified":"2022-01-27T22:47:23","modified_gmt":"2022-01-27T22:47:23","slug":"produits","status":"publish","type":"page","link":"https:\/\/gigiamaretto.com\/en\/produits\/","title":{"rendered":"Product"},"content":{"rendered":"[vc_row css=&#8221;.vc_custom_1522665185384{padding-top: 15vh !important;padding-bottom: 14vh !important;}&#8221;][vc_column width=&#8221;1\/2&#8243; css=&#8221;.vc_custom_1522696003579{padding-right: 15% !important;}&#8221;][vc_column_text animation=&#8221;animation bottom-to-top&#8221;]\n<h5 class=\"fancy-tag accent-color\">Amaretto<\/h5>\n<h1>Live on love and Amaretto<\/h1>\n<p>All you need is love\u2026and amaretto. With a unique recipe made in Qu\u00e9bec, Gigi Amaretto is a seductive and velvety liqueur, to be taken like a caress. Our Qu\u00e9b\u00e9cois Amaretto will charm you, served on the rocks, in a cocktail or as digestif. Perfect to add flavour to the most decadent desserts. Generous on the palate, well balanced and full of taste, here is GiGi Amaretto![\/vc_column_text][\/vc_column][vc_column width=&#8221;1\/2&#8243;][vc_single_image image=&#8221;3976&#8243; img_size=&#8221;400&#215;600&#8243;][\/vc_column][\/vc_row][vc_row et_full_width=&#8221;true&#8221; et_row_padding=&#8221;true&#8221; css=&#8221;.vc_custom_1624381288398{padding-top: 15vh !important;padding-bottom: 10vh !important;background-color: #ffffff !important;}&#8221;][vc_column][vc_row_inner][vc_column_inner]\t\t<div class=\"regular-padding row masonry et-loader variable-height et-portfolio et-portfolio-style-overlay\" data-loadmore=\"#loadmore-784\" data-filter=\"et-filter-784\" data-layoutmode=\"packery\">\n  \t\t<article itemscope itemtype=\"http:\/\/schema.org\/Article\" class=\"item type-portfolio aspect-ratio-original  cat-recette col-12 col-lg-4 post-3819 portfolio status-publish has-post-thumbnail hentry portfolio-category-recette\" id=\"portfolio-3819\">\t\n\t<div class=\"portfolio-holder masonry-items-holder animation bottom-to-top\">\n\t\t<div class=\"et-portfolio-image\"><img width=\"768\" height=\"575\" src=\"https:\/\/gigiamaretto.com\/wp-content\/uploads\/2021\/01\/gigi-porfolio-gigi-on-the-rock-768x575.jpg\" class=\"lazyload wp-post-image\" alt=\"\" loading=\"lazy\" srcset=\"https:\/\/gigiamaretto.com\/wp-content\/uploads\/2021\/01\/gigi-porfolio-gigi-on-the-rock-768x575.jpg 768w, https:\/\/gigiamaretto.com\/wp-content\/uploads\/2021\/01\/gigi-porfolio-gigi-on-the-rock-900x673.jpg 900w, https:\/\/gigiamaretto.com\/wp-content\/uploads\/2021\/01\/gigi-porfolio-gigi-on-the-rock-300x224.jpg 300w, https:\/\/gigiamaretto.com\/wp-content\/uploads\/2021\/01\/gigi-porfolio-gigi-on-the-rock-1024x766.jpg 1024w, https:\/\/gigiamaretto.com\/wp-content\/uploads\/2021\/01\/gigi-porfolio-gigi-on-the-rock-150x112.jpg 150w, https:\/\/gigiamaretto.com\/wp-content\/uploads\/2021\/01\/gigi-porfolio-gigi-on-the-rock-600x449.jpg 600w, https:\/\/gigiamaretto.com\/wp-content\/uploads\/2021\/01\/gigi-porfolio-gigi-on-the-rock.jpg 1100w\" sizes=\"(max-width: 768px) 100vw, 768px\" \/><\/div>\n\t\t<a href=\"https:\/\/gigiamaretto.com\/en\/Drink%20&#038;%20Cocktails\/gigi-sour\/\" class=\"et-portfolio-link\"><\/a>\n\t\t<div class=\"et-portfolio-hover\"><\/div>\n\t\t<div class=\"et-portfolio-content content-overlay\">\n\t\t\t<aside class=\"et-portfolio-categories\">Cocktails<\/aside>\n\t\t\t<h3>Gigi Sour<\/h3>\n\t\t<\/div>\n\t<\/div>\n<\/article><article itemscope itemtype=\"http:\/\/schema.org\/Article\" class=\"item type-portfolio aspect-ratio-original  col-12 col-lg-4 post-3821 portfolio status-publish has-post-thumbnail hentry\" id=\"portfolio-3821\">\t\n\t<div class=\"portfolio-holder masonry-items-holder animation bottom-to-top\">\n\t\t<div class=\"et-portfolio-image\"><img width=\"768\" height=\"575\" src=\"https:\/\/gigiamaretto.com\/wp-content\/uploads\/2021\/01\/gigi-porfolio--768x575.jpg\" class=\"lazyload wp-post-image\" alt=\"\" loading=\"lazy\" srcset=\"https:\/\/gigiamaretto.com\/wp-content\/uploads\/2021\/01\/gigi-porfolio--768x575.jpg 768w, https:\/\/gigiamaretto.com\/wp-content\/uploads\/2021\/01\/gigi-porfolio--900x673.jpg 900w, https:\/\/gigiamaretto.com\/wp-content\/uploads\/2021\/01\/gigi-porfolio--300x224.jpg 300w, https:\/\/gigiamaretto.com\/wp-content\/uploads\/2021\/01\/gigi-porfolio--1024x766.jpg 1024w, https:\/\/gigiamaretto.com\/wp-content\/uploads\/2021\/01\/gigi-porfolio--150x112.jpg 150w, https:\/\/gigiamaretto.com\/wp-content\/uploads\/2021\/01\/gigi-porfolio--600x449.jpg 600w, https:\/\/gigiamaretto.com\/wp-content\/uploads\/2021\/01\/gigi-porfolio-.jpg 1100w\" sizes=\"(max-width: 768px) 100vw, 768px\" \/><\/div>\n\t\t<a href=\"https:\/\/gigiamaretto.com\/en\/Drink%20&#038;%20Cocktails\/gigi-on-the-rocks\/\" class=\"et-portfolio-link\"><\/a>\n\t\t<div class=\"et-portfolio-hover\"><\/div>\n\t\t<div class=\"et-portfolio-content content-overlay\">\n\t\t\t<aside class=\"et-portfolio-categories\"><\/aside>\n\t\t\t<h3>Gigi on the rocks<\/h3>\n\t\t<\/div>\n\t<\/div>\n<\/article><article itemscope itemtype=\"http:\/\/schema.org\/Article\" class=\"item type-portfolio aspect-ratio-original  cat-recette cat-recette col-12 col-lg-4 post-3825 portfolio status-publish has-post-thumbnail hentry portfolio-category-recette\" id=\"portfolio-3825\">\t\n\t<div class=\"portfolio-holder masonry-items-holder animation bottom-to-top\">\n\t\t<div class=\"et-portfolio-image\"><img width=\"768\" height=\"575\" src=\"https:\/\/gigiamaretto.com\/wp-content\/uploads\/2021\/01\/gigi-porfolio-americana-1-768x575.jpg\" class=\"lazyload wp-post-image\" alt=\"\" loading=\"lazy\" srcset=\"https:\/\/gigiamaretto.com\/wp-content\/uploads\/2021\/01\/gigi-porfolio-americana-1-768x575.jpg 768w, https:\/\/gigiamaretto.com\/wp-content\/uploads\/2021\/01\/gigi-porfolio-americana-1-900x673.jpg 900w, https:\/\/gigiamaretto.com\/wp-content\/uploads\/2021\/01\/gigi-porfolio-americana-1-600x449.jpg 600w, https:\/\/gigiamaretto.com\/wp-content\/uploads\/2021\/01\/gigi-porfolio-americana-1-300x224.jpg 300w, https:\/\/gigiamaretto.com\/wp-content\/uploads\/2021\/01\/gigi-porfolio-americana-1-1024x766.jpg 1024w, https:\/\/gigiamaretto.com\/wp-content\/uploads\/2021\/01\/gigi-porfolio-americana-1-150x112.jpg 150w, https:\/\/gigiamaretto.com\/wp-content\/uploads\/2021\/01\/gigi-porfolio-americana-1.jpg 1100w\" sizes=\"(max-width: 768px) 100vw, 768px\" \/><\/div>\n\t\t<a href=\"https:\/\/gigiamaretto.com\/en\/Drink%20&#038;%20Cocktails\/americana\/\" class=\"et-portfolio-link\"><\/a>\n\t\t<div class=\"et-portfolio-hover\"><\/div>\n\t\t<div class=\"et-portfolio-content content-overlay\">\n\t\t\t<aside class=\"et-portfolio-categories\">Cocktails, Cocktails<\/aside>\n\t\t\t<h3>Americana<\/h3>\n\t\t<\/div>\n\t<\/div>\n<\/article>\t<\/div>\n\t\t \n\t[\/vc_column_inner][\/vc_row_inner][\/vc_column][\/vc_row][vc_row][vc_column][vc_empty_space height=&#8221;120&#8243;][vc_separator][vc_empty_space height=&#8221;60&#8243;][vc_column_text]<img loading=\"lazy\" class=\"size-medium wp-image-3616 aligncenter\" src=\"http:\/\/gigiamaretto.com\/wp-content\/uploads\/2021\/02\/logo-educalcool-fr-300x111.png\" alt=\"\" width=\"150\" height=\"50\" \/>[\/vc_column_text][\/vc_column][\/vc_row]\n","protected":false},"excerpt":{"rendered":"<p>[vc_row css=&#8221;.vc_custom_1522665185384{padding-top: 15vh !important;padding-bottom: 14vh !important;}&#8221;][vc_column width=&#8221;1\/2&#8243; css=&#8221;.vc_custom_1522696003579{padding-right: 15% !important;}&#8221;][vc_column_text animation=&#8221;animation bottom-to-top&#8221;] Amaretto Live on love and Amaretto All you need is love\u2026and amaretto. With a unique recipe made in Qu\u00e9bec, Gigi Amaretto is a seductive and velvety liqueur, to be taken like a caress. Our Qu\u00e9b\u00e9cois Amaretto will charm&hellip;<\/p>\n","protected":false},"author":5,"featured_media":0,"parent":0,"menu_order":0,"comment_status":"closed","ping_status":"closed","template":"","meta":[],"_links":{"self":[{"href":"https:\/\/gigiamaretto.com\/en\/wp-json\/wp\/v2\/pages\/3662"}],"collection":[{"href":"https:\/\/gigiamaretto.com\/en\/wp-json\/wp\/v2\/pages"}],"about":[{"href":"https:\/\/gigiamaretto.com\/en\/wp-json\/wp\/v2\/types\/page"}],"author":[{"embeddable":true,"href":"https:\/\/gigiamaretto.com\/en\/wp-json\/wp\/v2\/users\/5"}],"replies":[{"embeddable":true,"href":"https:\/\/gigiamaretto.com\/en\/wp-json\/wp\/v2\/comments?post=3662"}],"version-history":[{"count":24,"href":"https:\/\/gigiamaretto.com\/en\/wp-json\/wp\/v2\/pages\/3662\/revisions"}],"predecessor-version":[{"id":3978,"href":"https:\/\/gigiamaretto.com\/en\/wp-json\/wp\/v2\/pages\/3662\/revisions\/3978"}],"wp:attachment":[{"href":"https:\/\/gigiamaretto.com\/en\/wp-json\/wp\/v2\/media?parent=3662"}],"curies":[{"name":"wp","href":"https:\/\/api.w.org\/{rel}","templated":true}]}}